{"id":29,"date":"2014-10-08T17:29:40","date_gmt":"2014-10-08T15:29:40","guid":{"rendered":"http:\/\/www.asturfuel.com\/web\/?page_id=29"},"modified":"2022-06-14T16:40:24","modified_gmt":"2022-06-14T14:40:24","slug":"contacte-con-nosotros","status":"publish","type":"page","link":"https:\/\/www.asturfuel.com\/web\/contacte-con-nosotros\/","title":{"rendered":"Informaci\u00f3n de contacto"},"content":{"rendered":"<h3 style=\"text-align: left;\"><\/h3>\n<h3 style=\"text-align: left;\"><em><strong>\u00a0<i class=\"fa fa-phone-square\"><span style=\"color: transparent; display: none;\">icon-phone-square<\/span><\/i>\u00a0984 108 808<\/strong><\/em><\/h3>\n<h3 style=\"text-align: left;\">\u00a0<i class=\"fa fa-envelope\"><span style=\"color: transparent; display: none;\">icon-envelope<\/span><\/i>\u00a0 <a title=\"e-mail\" href=\"mailto:984108808@asturfuel.com\">984108808@asturfuel.com<\/a><\/h3>\n<hr \/>\n<p style=\"text-align: left;\">Si lo prefiere puede hacerlo rellenando el siguiente formulario :<\/p>\n<p style=\"text-align: left;\">\n<div class=\"wpcf7 no-js\" id=\"wpcf7-f28-o1\" lang=\"es-ES\" dir=\"ltr\" data-wpcf7-id=\"28\">\n<div class=\"screen-reader-response\"><p role=\"status\" aria-live=\"polite\" aria-atomic=\"true\"><\/p> <ul><\/ul><\/div>\n<form action=\"\/web\/wp-json\/wp\/v2\/pages\/29#wpcf7-f28-o1\" method=\"post\" class=\"wpcf7-form init\" aria-label=\"Formulario de contacto\" novalidate=\"novalidate\" data-status=\"init\">\n<fieldset class=\"hidden-fields-container\"><input type=\"hidden\" name=\"_wpcf7\" value=\"28\" \/><input type=\"hidden\" name=\"_wpcf7_version\" value=\"6.1.5\" \/><input type=\"hidden\" name=\"_wpcf7_locale\" value=\"es_ES\" \/><input type=\"hidden\" name=\"_wpcf7_unit_tag\" value=\"wpcf7-f28-o1\" \/><input type=\"hidden\" name=\"_wpcf7_container_post\" value=\"0\" \/><input type=\"hidden\" name=\"_wpcf7_posted_data_hash\" value=\"\" \/><input type=\"hidden\" name=\"redirect_nonce\" value=\"62736d3acd\" \/><input type=\"hidden\" name=\"wpcf7cfpdf_hidden_name\" value=\"document-pdf\" \/><input type=\"hidden\" name=\"wpcf7cfpdf_hidden_reference\" value=\"6ddb3ceb\" \/><input type=\"hidden\" name=\"wpcf7cfpdf_hidden_date\" value=\"04222026\" \/><input type=\"hidden\" name=\"_wpcf7_recaptcha_response\" value=\"\" \/>\n<\/fieldset>\n<p>Su nombre (requerido)\n<\/p>\n<p><span class=\"wpcf7-form-control-wrap\" data-name=\"your-name\"><input size=\"40\" maxlength=\"400\" class=\"wpcf7-form-control wpcf7-text wpcf7-validates-as-required\" aria-required=\"true\" aria-invalid=\"false\" value=\"\" type=\"text\" name=\"your-name\" \/><\/span>\n<\/p>\n<p>Su e-mail (requerido)\n<\/p>\n<p><span class=\"wpcf7-form-control-wrap\" data-name=\"your-email\"><input size=\"40\" maxlength=\"400\" class=\"wpcf7-form-control wpcf7-email wpcf7-validates-as-required wpcf7-text wpcf7-validates-as-email\" aria-required=\"true\" aria-invalid=\"false\" value=\"\" type=\"email\" name=\"your-email\" \/><\/span>\n<\/p>\n<p>Asunto\n<\/p>\n<p><span class=\"wpcf7-form-control-wrap\" data-name=\"your-subject\"><input size=\"40\" maxlength=\"400\" class=\"wpcf7-form-control wpcf7-text\" aria-invalid=\"false\" value=\"\" type=\"text\" name=\"your-subject\" \/><\/span>\n<\/p>\n<p>Su mensaje\n<\/p>\n<p><span class=\"wpcf7-form-control-wrap\" data-name=\"your-message\"><textarea cols=\"40\" rows=\"10\" maxlength=\"2000\" class=\"wpcf7-form-control wpcf7-textarea\" aria-invalid=\"false\" name=\"your-message\"><\/textarea><\/span>\n<\/p>\n<p><span class=\"wpcf7-form-control-wrap\" data-name=\"acceptance-523\"><span class=\"wpcf7-form-control wpcf7-acceptance\"><span class=\"wpcf7-list-item\"><label><input type=\"checkbox\" name=\"acceptance-523\" value=\"1\" aria-invalid=\"false\" \/><span class=\"wpcf7-list-item-label\">He leido y acepto los <a href=\"\/\/www.asturfuel.com\/web\/terminos-y-condicionesl\/\">t\u00e9rminos y condiciones del servicio<\/a> <a href=\"\/\/www.asturfuel.com\/web\/politica-de-cookies\/\">la Pol\u00edtica de Cookies<\/a>  y la <a href=\"\/\/www.asturfuel.com\/web\/politica-de-privacidad\/\">  Pol\u00edtica de Privacidad <\/a> del presente sitio web y consiento el tratamiento de mis datos personales para la gesti\u00f3n de las comunicaciones informativas con ASTURFUEL, S.L.<\/span><\/label><\/span><\/span><\/span>\n<\/p>\n<p><input class=\"wpcf7-form-control wpcf7-submit has-spinner\" type=\"submit\" value=\"Enviar\" \/>\n<\/p><div class=\"wpcf7-response-output\" aria-hidden=\"true\"><\/div>\n<\/form>\n<\/div>\n<\/p>\n<hr \/>\n<p><span style=\"font-size: 8pt; color: #999999;\">De conformidad con lo establecido en la normativa vigente en materia de Protecci\u00f3n de Datos de Car\u00e1cter Personal, se le informa de que los datos personales facilit<strong>Informaci\u00f3n b\u00e1sica sobre protecci\u00f3n de datos. Responsable del tratamiento<\/strong>: ASTURFUEL, S.L. <strong>Finalidad del tratamiento<\/strong>: Gesti\u00f3n de las consultas y comunicaciones realizadas a trav\u00e9s del sitio web. <strong>Legitimaci\u00f3n para el tratamiento de sus datos personales<\/strong>: Consentimiento del interesado. <strong>Destinatarios<\/strong>: Pueden realizarse comunicaciones a terceros de los datos personales de los usuarios, previa solicitud de su consentimiento expreso para ello, salvo obligaci\u00f3n legal o ejecuciones de contratos. <strong>Derechos<\/strong>: Puede ejercer los derechos de acceso, rectificaci\u00f3n, supresi\u00f3n, limitaci\u00f3n del tratamiento, portabilidad, oposici\u00f3n y a no ser objeto de decisiones automatizadas, incluyendo la elaboraci\u00f3n de perfiles. <strong>M\u00e1s informaci\u00f3n<\/strong>: Puede obtener m\u00e1s informaci\u00f3n sobre el tratamiento de datos personales en nuestro <a href=\"https:\/\/www.asturfuel.com\/web\/aviso-legal\/\"><strong><u>Aviso legal<\/u><\/strong><\/a> , en nuestra <a href=\"https:\/\/www.asturfuel.com\/web\/politica-de-privacidad\/\"><strong><u>Pol\u00edtica de Privacidad<\/u><\/strong><\/a>,\u00a0 nuestra <a href=\"https:\/\/www.asturfuel.com\/web\/politica-de-cookies\/\"><strong><u>Pol\u00edtica de <em>Cookies<\/em><\/u><\/strong><\/a>\u00a0 y en los <a href=\"https:\/\/www.asturfuel.com\/web\/terminos-y-condiciones\/\"><strong><u>T\u00e9rminos y condiciones<\/u><\/strong><\/a>\u00a0 del presente sitio web.ados voluntariamente por usted y sin car\u00e1cter obligatorio, est\u00e1n incorporados a un soporte o fichero de datos personales, titularidad de ASTURFUEL, S.L., siendo tratados sobre la base de su consentimiento o de la relaci\u00f3n jur\u00eddica que le vincula con ASTURFUEL, S.L., con la finalidad de mantener y gestionar su relaci\u00f3n contractual con ASTURFUEL, S.L. y del env\u00edo de comunicaciones de car\u00e1cter informativo. Igualmente, se le comunica que le asisten los derechos de acceso, rectificaci\u00f3n, supresi\u00f3n, limitaci\u00f3n, portabilidad, oposici\u00f3n al tratamiento, y a no ser objeto de decisiones individualizadas, pudiendo ejercitarlos mediante petici\u00f3n escrita gratuita dirigida a ASTURFUEL, S.L., domiciliada en C\/ PONTICO N\u00ba70, 33900 LADA-LANGREO, ASTURIAS, a la atenci\u00f3n del Responsable del Tratamiento.De conformidad con el Art. 21 de la Ley 34\/2002 de 11 de julio, de Servicios de la Sociedad de la Informaci\u00f3n y de Comercio Electr\u00f3nico (LSSI-CE), le informamos de que se le env\u00eda esta comunicaci\u00f3n electr\u00f3nica en base al consentimiento voluntario y expreso que usted ha facilitado a ASTURFUEL, S.L., o bien, en base a la relaci\u00f3n jur\u00eddica previa que le vincula con ASTURFUEL, S.L..<\/span><\/p>\n<p><span style=\"font-size: 8pt; color: #999999;\">Si en alg\u00fan momento desea dejar de recibir comunicaciones a trav\u00e9s de este medio por parte de ASTURFUEL, S.L., y de acuerdo al derecho que le asiste conforme al Art. 22 de la LSSI-CE, puede hacer constar esta circunstancia mediante el sencillo env\u00edo de un mail a <a title=\"e-mail\" href=\"mailto:984108808@asturfuel.com\">984108808@asturfuel.com<\/a>, solicitando su baja del servicio, momento a partir del cual no se le remitir\u00e1n m\u00e1s comunicaciones por este medio.<\/span><\/p>\n","protected":false},"excerpt":{"rendered":"<p>\u00a0icon-phone-square\u00a0984 108 808 \u00a0icon-envelope\u00a0 984108808@asturfuel.com Si lo prefiere puede hacerlo rellenando el siguiente formulario : De conformidad con lo establecido en la normativa vigente en materia de Protecci\u00f3n de Datos de Car\u00e1cter Personal, se le informa de que los datos &hellip;<\/p>\n<p class=\"read-more\"> <a class=\"more-link\" href=\"https:\/\/www.asturfuel.com\/web\/contacte-con-nosotros\/\"> <span class=\"screen-reader-text\">Informaci\u00f3n de contacto<\/span> Leer m\u00e1s \u00bb<\/a><\/p>\n","protected":false},"author":1,"featured_media":0,"parent":0,"menu_order":0,"comment_status":"closed","ping_status":"closed","template":"","meta":{"footnotes":""},"class_list":["post-29","page","type-page","status-publish","hentry"],"_links":{"self":[{"href":"https:\/\/www.asturfuel.com\/web\/wp-json\/wp\/v2\/pages\/29","targetHints":{"allow":["GET"]}}],"collection":[{"href":"https:\/\/www.asturfuel.com\/web\/wp-json\/wp\/v2\/pages"}],"about":[{"href":"https:\/\/www.asturfuel.com\/web\/wp-json\/wp\/v2\/types\/page"}],"author":[{"embeddable":true,"href":"https:\/\/www.asturfuel.com\/web\/wp-json\/wp\/v2\/users\/1"}],"replies":[{"embeddable":true,"href":"https:\/\/www.asturfuel.com\/web\/wp-json\/wp\/v2\/comments?post=29"}],"version-history":[{"count":30,"href":"https:\/\/www.asturfuel.com\/web\/wp-json\/wp\/v2\/pages\/29\/revisions"}],"predecessor-version":[{"id":594,"href":"https:\/\/www.asturfuel.com\/web\/wp-json\/wp\/v2\/pages\/29\/revisions\/594"}],"wp:attachment":[{"href":"https:\/\/www.asturfuel.com\/web\/wp-json\/wp\/v2\/media?parent=29"}],"curies":[{"name":"wp","href":"https:\/\/api.w.org\/{rel}","templated":true}]}}