{"id":313,"date":"2018-07-10T17:18:46","date_gmt":"2018-07-10T15:18:46","guid":{"rendered":"https:\/\/www.asturfuel.com\/web\/?page_id=313"},"modified":"2022-06-14T17:22:52","modified_gmt":"2022-06-14T15:22:52","slug":"aviso-legal","status":"publish","type":"page","link":"https:\/\/www.asturfuel.com\/web\/aviso-legal\/","title":{"rendered":"Aviso Legal"},"content":{"rendered":"<table style=\"height: 1123px;\" width=\"833\">\n<tbody>\n<tr>\n<td colspan=\"2\" width=\"576\">\n<p style=\"text-align: center;\">Informaci\u00f3n b\u00e1sica sobre protecci\u00f3n de datos<\/p>\n<\/td>\n<\/tr>\n<tr>\n<td width=\"283\">Responsable del tratamiento<\/td>\n<td width=\"293\">ASTURFUEL, S.L.<\/td>\n<\/tr>\n<tr>\n<td width=\"283\">Finalidad del tratamiento<\/td>\n<td width=\"293\">Navegaci\u00f3n por la web y mejora de la experiencia del usuario.<\/td>\n<\/tr>\n<tr>\n<td width=\"283\">Legitimaci\u00f3n para el tratamiento de sus datos personales<\/td>\n<td width=\"293\">Consentimiento del interesado, inter\u00e9s leg\u00edtimo del responsable.<\/td>\n<\/tr>\n<tr>\n<td width=\"283\">Destinatarios<\/td>\n<td width=\"293\">Pueden realizarse comunicaciones a terceros de los datos personales de los usuarios, previa solicitud de su consentimiento expreso para ello, salvo obligaci\u00f3n legal o ejecuciones de contratos.<\/td>\n<\/tr>\n<tr>\n<td width=\"283\">Derechos<\/td>\n<td width=\"293\">Puede ejercer los derechos de acceso, rectificaci\u00f3n, supresi\u00f3n, limitaci\u00f3n del tratamiento, portabilidad, oposici\u00f3n y a no ser objeto de decisiones automatizadas, incluyendo la elaboraci\u00f3n de perfiles.<\/td>\n<\/tr>\n<tr>\n<td width=\"283\">Informaci\u00f3n adicional<\/td>\n<td width=\"293\">Puede consultar informaci\u00f3n adicional y detallada sobre protecci\u00f3n de datos en el presente Aviso legal, en nuestra <a href=\"https:\/\/www.asturfuel.com\/web\/politica-de-privacidad\/\"><u>Pol\u00edtica de Privacidad<\/u><\/a>\u00a0 en la <a href=\"https:\/\/www.asturfuel.com\/web\/politica-de-cookies\/\"><u>Pol\u00edtica de <em>Cookies<\/em><\/u>\u00a0<\/a> y en los <a href=\"https:\/\/www.asturfuel.com\/web\/terminos-y-condiciones\/\"><u>T\u00e9rminos y condiciones<\/u><\/a>\u00a0 del presente sitio web.<\/td>\n<\/tr>\n<\/tbody>\n<\/table>\n<p>En virtud del presente <u>Aviso Legal<\/u>, se le informa de que el titular de este sitio web con dominio <a href=\"http:\/\/www.asturfuel.com\/\">www.asturfuel.com<\/a> es:<\/p>\n<ul>\n<li><strong>Identificaci\u00f3n del titular del sitio web<\/strong><strong>:<\/strong> ASTURFUEL, S.L.<\/li>\n<li><strong>C.I.F.<\/strong><strong>:<\/strong> B74280397<\/li>\n<li><strong>Sociedad inscrita en Registro Mercantil de Asturias: <\/strong>Tomo 3844, Folio 47, Secci\u00f3n 8, Hoja Registral 41146, Inscripci\u00f3n\u00a0 1\u00aa<\/li>\n<li><strong>Domicilio\/Domicilio social<\/strong><strong>:<\/strong> C\/ PONTICO, N.\u00ba 70<\/li>\n<li><strong>C\u00f3digo postal y poblaci\u00f3n<\/strong><strong>:<\/strong> 33934, LADA, LANGREO, ASTURIAS<\/li>\n<li>Direcci\u00f3n de correo electr\u00f3nico:<a href=\"mailto:984108808@asturfuel.com\"> 984108808@asturfuel.com<\/a><\/li>\n<li>Tel\u00e9fono: 984 108 808<\/li>\n<\/ul>\n<p>Si desea obtener m\u00e1s informaci\u00f3n sobre nuestras pol\u00edticas en materia de protecci\u00f3n de datos, puede ponerse en contacto con nosotros a trav\u00e9s de la direcci\u00f3n de correo electr\u00f3nico <a href=\"mailto:98410808@asturfuel.com\">98410808@asturfuel.com<\/a> o visitar los siguientes enlaces:<\/p>\n<ul>\n<li><a href=\"https:\/\/www.asturfuel.com\/web\/terminos-y-condiciones\/\"><u>T\u00e9rminos y condiciones<\/u><\/a><\/li>\n<li><a href=\"https:\/\/www.asturfuel.com\/web\/politica-de-cookies\/\"><u>Pol\u00edtica de <em>Cookies<\/em><\/u><\/a><\/li>\n<li><a href=\"https:\/\/www.asturfuel.com\/web\/politica-de-privacidad\/\"><u>Pol\u00edtica de Privacidad<\/u><\/a><\/li>\n<\/ul>\n<p>Para otras cuestiones en este \u00e1mbito, puede visitar la web de la Agencia Espa\u00f1ola de Protecci\u00f3n de Datos (AEPD): <a href=\"https:\/\/www.aepd.es\/es\">https:\/\/www.aepd.es\/es<\/a>.<\/p>\n","protected":false},"excerpt":{"rendered":"<p>Informaci\u00f3n b\u00e1sica sobre protecci\u00f3n de datos Responsable del tratamiento ASTURFUEL, S.L. Finalidad del tratamiento Navegaci\u00f3n por la web y mejora de la experiencia del usuario. Legitimaci\u00f3n para el tratamiento de sus datos personales Consentimiento del interesado, inter\u00e9s leg\u00edtimo del responsable. &hellip;<\/p>\n<p class=\"read-more\"> <a class=\"more-link\" href=\"https:\/\/www.asturfuel.com\/web\/aviso-legal\/\"> <span class=\"screen-reader-text\">Aviso Legal<\/span> Leer m\u00e1s \u00bb<\/a><\/p>\n","protected":false},"author":1,"featured_media":0,"parent":0,"menu_order":0,"comment_status":"closed","ping_status":"closed","template":"","meta":{"footnotes":""},"class_list":["post-313","page","type-page","status-publish","hentry"],"_links":{"self":[{"href":"https:\/\/www.asturfuel.com\/web\/wp-json\/wp\/v2\/pages\/313","targetHints":{"allow":["GET"]}}],"collection":[{"href":"https:\/\/www.asturfuel.com\/web\/wp-json\/wp\/v2\/pages"}],"about":[{"href":"https:\/\/www.asturfuel.com\/web\/wp-json\/wp\/v2\/types\/page"}],"author":[{"embeddable":true,"href":"https:\/\/www.asturfuel.com\/web\/wp-json\/wp\/v2\/users\/1"}],"replies":[{"embeddable":true,"href":"https:\/\/www.asturfuel.com\/web\/wp-json\/wp\/v2\/comments?post=313"}],"version-history":[{"count":12,"href":"https:\/\/www.asturfuel.com\/web\/wp-json\/wp\/v2\/pages\/313\/revisions"}],"predecessor-version":[{"id":432,"href":"https:\/\/www.asturfuel.com\/web\/wp-json\/wp\/v2\/pages\/313\/revisions\/432"}],"wp:attachment":[{"href":"https:\/\/www.asturfuel.com\/web\/wp-json\/wp\/v2\/media?parent=313"}],"curies":[{"name":"wp","href":"https:\/\/api.w.org\/{rel}","templated":true}]}}