{"id":413,"date":"2022-06-14T15:59:21","date_gmt":"2022-06-14T13:59:21","guid":{"rendered":"https:\/\/www.asturfuel.com\/web\/?page_id=413"},"modified":"2022-06-15T12:41:25","modified_gmt":"2022-06-15T10:41:25","slug":"terminos-y-condiciones","status":"publish","type":"page","link":"https:\/\/www.asturfuel.com\/web\/terminos-y-condiciones\/","title":{"rendered":"T\u00e9rminos y condiciones"},"content":{"rendered":"\n<p>Informaci\u00f3n b\u00e1sica sobre protecci\u00f3n de datos<\/p>\n\n\n\n<figure class=\"wp-block-table is-style-regular\"><table><tbody><tr><td class=\"has-text-align-center\" data-align=\"center\">Responsable del tratamiento<\/td><td class=\"has-text-align-center\" data-align=\"center\">ASTURFUEL, S.L.<\/td><\/tr><tr><td class=\"has-text-align-center\" data-align=\"center\">Finalidad del tratamiento<\/td><td class=\"has-text-align-center\" data-align=\"center\">Navegaci\u00f3n por la web y mejora de la experiencia del usuario.<\/td><\/tr><tr><td class=\"has-text-align-center\" data-align=\"center\">Legitimaci\u00f3n para el tratamiento de sus datos personales<\/td><td class=\"has-text-align-center\" data-align=\"center\">Consentimiento del interesado, inter\u00e9s leg\u00edtimo del responsable.<\/td><\/tr><tr><td class=\"has-text-align-center\" data-align=\"center\">Destinatarios<\/td><td class=\"has-text-align-center\" data-align=\"center\">Pueden realizarse comunicaciones a terceros de los datos personales de los usuarios, previa solicitud de su consentimiento expreso para ello, salvo obligaci\u00f3n legal o ejecuciones de contratos.<\/td><\/tr><tr><td class=\"has-text-align-center\" data-align=\"center\">Derechos<\/td><td class=\"has-text-align-center\" data-align=\"center\">Puede ejercer los derechos de acceso, rectificaci\u00f3n, supresi\u00f3n, limitaci\u00f3n del tratamiento, portabilidad, oposici\u00f3n y a no ser objeto de decisiones automatizadas, incluyendo la elaboraci\u00f3n de perfiles.<\/td><\/tr><tr><td class=\"has-text-align-center\" data-align=\"center\">Informaci\u00f3n adicional<\/td><td class=\"has-text-align-center\" data-align=\"center\">Puede consultar informaci\u00f3n adicional y detallada sobre protecci\u00f3n de datos en los presentes T\u00e9rminos y condiciones, en nuestro<a href=\"https:\/\/www.asturfuel.com\/web\/aviso-legal\/\"> Aviso legal<\/a> , en la <a href=\"https:\/\/www.asturfuel.com\/web\/politica-de-cookies\/\">Pol\u00edtica de <em>Cookies<\/em><\/a>  y en la <a href=\"https:\/\/www.asturfuel.com\/web\/politica-de-privacidad\/\">Pol\u00edtica de Privacidad<\/a>  del presente sitio web.<\/td><\/tr><\/tbody><\/table><\/figure>\n\n\n\n<p>&nbsp;Si contin\u00faa navegando por este sitio web, entenderemos que aceptar los presentes T\u00e9rminos y condiciones.<\/p>\n\n\n\n<h2 class=\"wp-block-heading\">\u00bfCu\u00e1les son las condiciones generales de uso del presente sitio web?<\/h2>\n\n\n\n<p>Le informamos de que tanto el acceso como la utilizaci\u00f3n de la p\u00e1gina web con dominio <a href=\"http:\/\/www.asturfuel.com\/\">www.asturfuel.com<\/a> y todas las URL y subdominios incluidos bajo la misma, as\u00ed como los contenidos que a trav\u00e9s de este sitio web se puedan obtener, est\u00e1n sujetos a los presentes T\u00e9rminos y condiciones de uso, sin perjuicio de que el acceso a alguno de dichos servicios o contenidos pueda requerir la aceptaci\u00f3n de otras condiciones generales, particulares o adicionales. Debido a esto, si usted no estuviera conforme con el contenido de los presentes T\u00e9rminos y condiciones, le instamos a que no haga uso de este sitio web, puesto que la utilizaci\u00f3n tanto del mismo como de sus contenidos o de sus servicios supondr\u00e1 en todo caso la aceptaci\u00f3n de los t\u00e9rminos legales aqu\u00ed se\u00f1alados.<\/p>\n\n\n\n<p>En ASTURFUEL, S.L. nos reservamos, sin necesidad de previo aviso y en cualquier momento, el derecho a suspender, denegar o restringir temporal o definitivamente el acceso al presente sitio web y\/o a nuestros contenidos, as\u00ed como a llevar a cabo y realizar las modificaciones que consideremos oportunas o necesarias, sin que todo ello implique un derecho de indemnizaci\u00f3n para el usuario.<\/p>\n\n\n\n<p><strong>\u00bf<u>Cu\u00e1l es su responsabilidad como usuario por el uso del presente sitio web<\/u>?<\/strong><\/p>\n\n\n\n<p>Usted, como usuario, ser\u00e1 el \u00fanico responsable del correcto uso del presente sitio web, comprometi\u00e9ndose a disfrutar del mismo de conformidad a los presentes T\u00e9rminos y condiciones. Usted se obliga a utilizar este sitio web, as\u00ed como los contenidos y servicios ofrecidos o proporcionados por el mismo, de conformidad con la Ley, la moral, las buenas costumbres y el orden p\u00fablico y a no emplearlos con fines il\u00edcitos o contrarios al contenido de los presentes T\u00e9rminos y condiciones generales.<\/p>\n\n\n\n<p>En particular, usted no podr\u00e1 realizar, en ning\u00fan caso, las siguientes actividades:<\/p>\n\n\n\n<ul class=\"wp-block-list\"><li>Utilizar el presente sitio web para para promocionar, vender o contratar informaci\u00f3n o prestaciones propias o de terceras personas, sin consentimiento o autorizaci\u00f3n previa.<\/li><li>Difundir contenidos de car\u00e1cter racista, xen\u00f3fobo, pornogr\u00e1fico o que promuevan la comisi\u00f3n de infracciones o de actos delictivos que inciten directa o indirectamente a la apolog\u00eda del terrorismo o que resulten contrarios a los derechos y libertades fundamentales.<\/li><li>Provocar da\u00f1os en los sistemas inform\u00e1ticos titularidad de ASTURFUEL, S.L. o introducir o difundir virus inform\u00e1ticos, un software nocivo u otro tipo de sistemas que puedan causar da\u00f1os en los sistemas inform\u00e1ticos, as\u00ed como alteraciones no autorizadas de los contenidos disponibles en el presente sitio web.<\/li><li>Realizar o llevar a cabo actos que resulten contrarios a los derechos de propiedad intelectual y\/o industrial de sus leg\u00edtimos titulares.<\/li><li>Incluir, sin que haya mediado autorizaci\u00f3n por parte de ASTURFUEL, S.L., marcas, logotipos, nombres comerciales o cualesquiera otros signos distintivos que sean propiedad de ASTURFUEL, S.L. en p\u00e1ginas o sitios web responsabilidad del usuario o de terceros que no se encuentren autorizados para ello.<\/li><\/ul>\n\n\n\n<p>Asimismo, usted responder\u00e1 frente a ASTURFUEL, S.L.&nbsp;o frente a terceros de cualesquiera da\u00f1os y perjuicios de cualquier clase o \u00edndole que pudieran causarse como consecuencia del incumplimiento directo o indirecto de los presentes T\u00e9rminos y condiciones generales.<\/p>\n\n\n\n<h2 class=\"wp-block-heading\"> \u00bfDebo tener en cuenta alguna cuesti\u00f3n en materia de&nbsp;derechos de propiedad intelectual e industrial?<\/h2>\n\n\n\n<p>No se cede, por su uso, ning\u00fan derecho de propiedad intelectual o industrial sobre este sitio web ni sobre ninguno de sus elementos integrantes o contenido, quedando expresamente prohibida la reproducci\u00f3n, transformaci\u00f3n, distribuci\u00f3n, comunicaci\u00f3n p\u00fablica, puesta a disposici\u00f3n, extracci\u00f3n o reutilizaci\u00f3n total o parcial de cualquier naturaleza, por cualquier medio o procedimiento, de cualesquiera de ellos, salvo en los casos en que est\u00e9 legalmente permitido o sea autorizado por el titular de los correspondientes derechos.<\/p>\n\n\n\n<h2 class=\"wp-block-heading\">\u00bfQu\u00e9 ocurre con los enlaces, hiperenlaces o links presentes en este sitio web?<\/h2>\n\n\n\n<p>En ASTURFUEL, S.L. no nos hacemos responsables de las p\u00e1ginas web no propias o que no resulten de nuestra titularidad a las que se pueda acceder mediante <em>links<\/em> (enlaces) ni de cualquier contenido puesto a disposici\u00f3n de los usuarios por parte de terceros. Cualquier uso de un v\u00ednculo o acceso a una web no propia es realizado por riesgo exclusivo del usuario y desde ASTURFUEL, S.L. no garantizamos en ning\u00fan caso la seguridad y licitud de la informaci\u00f3n obtenida a trav\u00e9s de un v\u00ednculo ajeno a ASTURFUEL, S.L. ni nos responsabilizamos de ninguna p\u00e9rdida, reclamaci\u00f3n o perjuicio derivada del uso o uso incorrecto de un v\u00ednculo o de la informaci\u00f3n obtenida a trav\u00e9s de \u00e9l, as\u00ed como de la interrupci\u00f3n en el servicio al acceder a la informaci\u00f3n de otras p\u00e1ginas webs.<\/p>\n\n\n\n<h2 class=\"wp-block-heading\"> \u00bfQu\u00e9 responsabilidades asume el titular del presente sitio web?<\/h2>\n\n\n\n<p>Desde ASTURFUEL, S.L. declaramos que hemos adoptado todas las medidas necesarias, dentro de nuestras posibilidades y del estado de la tecnolog\u00eda, para garantizar el correcto y adecuado funcionamiento del presente sitio web y evitar la transmisi\u00f3n de virus inform\u00e1ticos y dem\u00e1s componentes da\u00f1inos a los usuarios. No obstante, en ASTURFUEL, S.L. no asumimos en ning\u00fan caso responsabilidad alguna en el supuesto de que se produzca un funcionamiento err\u00f3neo de los servicios ofrecidos en Internet o del mal funcionamiento o ca\u00eddas de la red que pudieran afectar al acceso y navegaci\u00f3n por el presente sitio web, con independencia de la causa que motive dichos fallos.<\/p>\n\n\n\n<p>Si usted tuviera conocimiento en alg\u00fan momento de la existencia de alg\u00fan contenido il\u00edcito, ilegal, contrario a las leyes, a la moral o a las buenas costumbres o que pudiera suponer una infracci\u00f3n de derechos de propiedad intelectual y\/o industrial, deber\u00e1 notific\u00e1rnoslo inmediatamente a trav\u00e9s del correo electr\u00f3nico administracion@asturfuel.com para que podamos proceder a adoptar las medidas de neutralizaci\u00f3n y seguridad oportunas.<\/p>\n\n\n\n<p>Asimismo, en ASTURFUEL, S.L. no seremos responsables de las actuaciones dolosas o culposas del usuario, de las que tengan su origen en causas de fuerza mayor, de cualesquiera otras que se escapen de nuestro control ni de ataques de los denominados <em>hackers<\/em>, siempre que desde ASTURFUEL, S.L. hayamos adoptado todas las medidas de seguridad existentes seg\u00fan nuestras posibilidades t\u00e9cnicas.<\/p>\n\n\n\n<p><strong> \u00bf<u>Qu\u00e9 ley es aplicable a las controversias surgidas por el uso de este sitio web<\/u>?<\/strong><\/p>\n\n\n\n<p>En caso de disputa o conflicto de interpretaci\u00f3n de los <strong><u>T\u00e9rminos y condiciones<\/u><\/strong> de uso de este sitio web, as\u00ed como cualquier cuesti\u00f3n relacionada con los servicios ofrecidos a trav\u00e9s del mismo, nos regiremos por la legislaci\u00f3n espa\u00f1ola. Para la resoluci\u00f3n de las controversias que puedan surgir en relaci\u00f3n con la utilizaci\u00f3n del presente sitio web, las partes acuerdan someter la resoluci\u00f3n de los conflictos a los Juzgados y Tribunales que correspondieran territorialmente de conformidad con el domicilio de ASTURFUEL, S.L. (se\u00f1alado en el <strong><u><a href=\"https:\/\/www.asturfuel.com\/web\/aviso-legal\/\">Aviso Legal<\/a><\/u><\/strong>), salvo que el usuario tenga la condici\u00f3n de consumidor o usuario, conforme a la normativa vigente, en cuyo caso se estar\u00e1 a lo dispuesto en la misma.<\/p>\n\n\n\n<p><strong> \u00bf<u>Qu\u00e9 ocurre si alguna cl\u00e1usula se declara nula o ineficaz<\/u>?<\/strong><\/p>\n\n\n\n<p>Si alguna de las cl\u00e1usulas que componen estos <strong><u>T\u00e9rminos y condiciones<\/u><\/strong> o alguna de nuestras pol\u00edticas o textos legales es declarada total o parcialmente nula o ineficaz, tal declaraci\u00f3n afectar\u00e1 \u00fanicamente a dicha disposici\u00f3n o a la parte de la misma que resulte nula o ineficaz y se tendr\u00e1 por no a\u00f1adida. Seguir\u00e1n siendo aplicables, en todo lo dem\u00e1s, el resto de las cl\u00e1usulas.<\/p>\n\n\n\n<p><strong>\u00bf<u>Existen otras cuestiones que, como usuario, deba conocer<\/u>?<\/strong><\/p>\n\n\n\n<p>En ASTURFUEL, S.L. nos reservamos el derecho a modificar los presentes T\u00e9rminos y condiciones de conformidad con las posibles variaciones que pueda experimentar la Ley, siendo dichos cambios introducidos con la antelaci\u00f3n suficiente para dar cumplimiento tanto a la normativa en materia de protecci\u00f3n de datos personales como a los criterios adoptados y seguidos por la Agencia Espa\u00f1ola de Protecci\u00f3n de Datos (AEPD).<\/p>\n\n\n\n<p>Si desea obtener m\u00e1s informaci\u00f3n sobre nuestras pol\u00edticas en materia de protecci\u00f3n de datos, puede ponerse en contacto con nosotros a trav\u00e9s de la direcci\u00f3n de correo electr\u00f3nico <a href=\"mailto:98410808@asturfuel.com\">98410808@asturfuel.com<\/a> o visitar los siguientes enlaces:<\/p>\n\n\n\n<ul class=\"wp-block-list\"><li><a href=\"https:\/\/www.asturfuel.com\/web\/aviso-legal\/\">Aviso legal <\/a><\/li><li><a href=\"https:\/\/www.asturfuel.com\/web\/politica-de-cookies\/\">Pol\u00edtica de <em>Cookies<\/em> <\/a><\/li><li><a href=\"https:\/\/www.asturfuel.com\/web\/politica-de-privacidad\/\">Pol\u00edtica de Privacidad <\/a><\/li><\/ul>\n\n\n\n<p>Para otras cuestiones en este \u00e1mbito, puede visitar la web de la Agencia Espa\u00f1ola de Protecci\u00f3n de Datos (AEPD): <a href=\"https:\/\/www.aepd.es\/es\">https:\/\/www.aepd.es\/es<\/a>.<\/p>\n","protected":false},"excerpt":{"rendered":"<p>Informaci\u00f3n b\u00e1sica sobre protecci\u00f3n de datos Responsable del tratamiento ASTURFUEL, S.L. Finalidad del tratamiento Navegaci\u00f3n por la web y mejora de la experiencia del usuario. Legitimaci\u00f3n para el tratamiento de sus datos personales Consentimiento del interesado, inter\u00e9s leg\u00edtimo del responsable. &hellip;<\/p>\n<p class=\"read-more\"> <a class=\"more-link\" href=\"https:\/\/www.asturfuel.com\/web\/terminos-y-condiciones\/\"> <span class=\"screen-reader-text\">T\u00e9rminos y condiciones<\/span> Leer m\u00e1s \u00bb<\/a><\/p>\n","protected":false},"author":1,"featured_media":0,"parent":0,"menu_order":0,"comment_status":"closed","ping_status":"closed","template":"","meta":{"footnotes":""},"class_list":["post-413","page","type-page","status-publish","hentry"],"_links":{"self":[{"href":"https:\/\/www.asturfuel.com\/web\/wp-json\/wp\/v2\/pages\/413","targetHints":{"allow":["GET"]}}],"collection":[{"href":"https:\/\/www.asturfuel.com\/web\/wp-json\/wp\/v2\/pages"}],"about":[{"href":"https:\/\/www.asturfuel.com\/web\/wp-json\/wp\/v2\/types\/page"}],"author":[{"embeddable":true,"href":"https:\/\/www.asturfuel.com\/web\/wp-json\/wp\/v2\/users\/1"}],"replies":[{"embeddable":true,"href":"https:\/\/www.asturfuel.com\/web\/wp-json\/wp\/v2\/comments?post=413"}],"version-history":[{"count":5,"href":"https:\/\/www.asturfuel.com\/web\/wp-json\/wp\/v2\/pages\/413\/revisions"}],"predecessor-version":[{"id":441,"href":"https:\/\/www.asturfuel.com\/web\/wp-json\/wp\/v2\/pages\/413\/revisions\/441"}],"wp:attachment":[{"href":"https:\/\/www.asturfuel.com\/web\/wp-json\/wp\/v2\/media?parent=413"}],"curies":[{"name":"wp","href":"https:\/\/api.w.org\/{rel}","templated":true}]}}