{"id":65,"date":"2014-10-09T14:26:04","date_gmt":"2014-10-09T12:26:04","guid":{"rendered":"http:\/\/www.asturfuel.com\/web\/?page_id=65"},"modified":"2015-02-03T15:57:44","modified_gmt":"2015-02-03T13:57:44","slug":"productos","status":"publish","type":"page","link":"https:\/\/www.asturfuel.com\/web\/productos\/","title":{"rendered":"Productos"},"content":{"rendered":"<p><img loading=\"lazy\" decoding=\"async\" class=\"aligncenter wp-image-176 size-medium\" src=\"http:\/\/www.asturfuel.com\/web\/wp-content\/uploads\/2014\/10\/IMG_02401-300x300.jpg\" alt=\"IMG_0240[1]\" width=\"300\" height=\"300\" srcset=\"https:\/\/www.asturfuel.com\/web\/wp-content\/uploads\/2014\/10\/IMG_02401-300x300.jpg 300w, https:\/\/www.asturfuel.com\/web\/wp-content\/uploads\/2014\/10\/IMG_02401-150x150.jpg 150w, https:\/\/www.asturfuel.com\/web\/wp-content\/uploads\/2014\/10\/IMG_02401-1024x1024.jpg 1024w, https:\/\/www.asturfuel.com\/web\/wp-content\/uploads\/2014\/10\/IMG_02401-100x100.jpg 100w, https:\/\/www.asturfuel.com\/web\/wp-content\/uploads\/2014\/10\/IMG_02401-200x200.jpg 200w, https:\/\/www.asturfuel.com\/web\/wp-content\/uploads\/2014\/10\/IMG_02401-450x450.jpg 450w, https:\/\/www.asturfuel.com\/web\/wp-content\/uploads\/2014\/10\/IMG_02401-600x600.jpg 600w, https:\/\/www.asturfuel.com\/web\/wp-content\/uploads\/2014\/10\/IMG_02401-900x900.jpg 900w, https:\/\/www.asturfuel.com\/web\/wp-content\/uploads\/2014\/10\/IMG_02401.jpg 2048w\" sizes=\"auto, (max-width: 300px) 100vw, 300px\" \/><\/p>\n<p class=\"aligncenter button\" style=\"text-align: center; width=500\"><span style=\"color: #e8ba30;\"><a style=\"color: #e8ba30;\" title=\"Gasoleo A\" href=\"http:\/\/www.asturfuel.com\/web\/?page_id=67\">Gas\u00f3leo A<\/a><\/span><\/p>\n<p class=\"aligncenter button\" style=\"text-align: center;\"><span style=\"color: #e8ba30;\"><a style=\"color: #e8ba30;\" title=\"Gasoleo B\" href=\"http:\/\/www.asturfuel.com\/web\/?page_id=69\">Gas\u00f3leo B<\/a><\/span><\/p>\n<p class=\"aligncenter button\" style=\"text-align: center;\"><span style=\"color: #e8ba30;\"><a style=\"color: #e8ba30;\" title=\"Gas\u00f3leo C\" href=\"http:\/\/www.asturfuel.com\/web\/?page_id=153\">Gas\u00f3leo C<\/a><\/span><\/p>\n","protected":false},"excerpt":{"rendered":"<p>Gas\u00f3leo A Gas\u00f3leo B Gas\u00f3leo C<\/p>\n","protected":false},"author":1,"featured_media":0,"parent":0,"menu_order":0,"comment_status":"closed","ping_status":"closed","template":"","meta":{"footnotes":""},"class_list":["post-65","page","type-page","status-publish","hentry"],"_links":{"self":[{"href":"https:\/\/www.asturfuel.com\/web\/wp-json\/wp\/v2\/pages\/65","targetHints":{"allow":["GET"]}}],"collection":[{"href":"https:\/\/www.asturfuel.com\/web\/wp-json\/wp\/v2\/pages"}],"about":[{"href":"https:\/\/www.asturfuel.com\/web\/wp-json\/wp\/v2\/types\/page"}],"author":[{"embeddable":true,"href":"https:\/\/www.asturfuel.com\/web\/wp-json\/wp\/v2\/users\/1"}],"replies":[{"embeddable":true,"href":"https:\/\/www.asturfuel.com\/web\/wp-json\/wp\/v2\/comments?post=65"}],"version-history":[{"count":22,"href":"https:\/\/www.asturfuel.com\/web\/wp-json\/wp\/v2\/pages\/65\/revisions"}],"predecessor-version":[{"id":274,"href":"https:\/\/www.asturfuel.com\/web\/wp-json\/wp\/v2\/pages\/65\/revisions\/274"}],"wp:attachment":[{"href":"https:\/\/www.asturfuel.com\/web\/wp-json\/wp\/v2\/media?parent=65"}],"curies":[{"name":"wp","href":"https:\/\/api.w.org\/{rel}","templated":true}]}}