{"id":67,"date":"2014-10-09T14:24:35","date_gmt":"2014-10-09T12:24:35","guid":{"rendered":"http:\/\/www.asturfuel.com\/web\/?page_id=67"},"modified":"2015-01-30T22:10:25","modified_gmt":"2015-01-30T20:10:25","slug":"gasoleo-a","status":"publish","type":"page","link":"https:\/\/www.asturfuel.com\/web\/productos\/gasoleo-a\/","title":{"rendered":"Gas\u00f3leo A"},"content":{"rendered":"<h3 style=\"text-align: justify;\"><a href=\"http:\/\/www.asturfuel.com\/web\/wp-content\/uploads\/2014\/11\/GOA.jpg\"><img loading=\"lazy\" decoding=\"async\" class=\"wp-image-217 size-thumbnail aligncenter\" src=\"http:\/\/www.asturfuel.com\/web\/wp-content\/uploads\/2014\/11\/GOA-150x150.jpg\" alt=\"GOA\" width=\"150\" height=\"150\" \/><\/a><\/h3>\n<h3 style=\"text-align: justify;\">Descripci\u00f3n:<\/h3>\n<p style=\"text-align: justify;\">El gas\u00f3leo del tipo A es el que se utiliza\u00a0como combustible para veh\u00edculos.<\/p>\n<p style=\"text-align: justify;\">En su estado original es de color transparente y no se le a\u00f1ade ning\u00fan tipo de colorante. En la actualidad tiene cierto color amarillento debido a que, por ley, este combustible viene mezclado en un 7% de su volumen con Biodiesel.<\/p>\n<p style=\"text-align: justify;\">Adem\u00e1s de este Biodiesel, se le suelen a\u00f1adir aditivos que mejoran el rendimiento y protegen el motor. Actualmente las grandes petroleras han lanzado al mercado una serie de gas\u00f3leos para automoci\u00f3n, como los conocidos Diesel e+ de REPSOL o Diesel \u00d3ptima de CEPSA, que se consiguen a\u00f1adiendo diferentes aditivos al gas\u00f3leo A.<\/p>\n<p style=\"text-align: justify;\"><a href=\"http:\/\/www.asturfuel.com\/web\/wp-content\/uploads\/2014\/10\/GasoleoA.pdf\">Ficha t\u00e9cnica<\/a><\/p>\n<p>&nbsp;<\/p>\n","protected":false},"excerpt":{"rendered":"<p>Descripci\u00f3n: El gas\u00f3leo del tipo A es el que se utiliza\u00a0como combustible para veh\u00edculos. En su estado original es de color transparente y no se le a\u00f1ade ning\u00fan tipo de colorante. En la actualidad tiene cierto color amarillento debido a &hellip;<\/p>\n<p class=\"read-more\"> <a class=\"more-link\" href=\"https:\/\/www.asturfuel.com\/web\/productos\/gasoleo-a\/\"> <span class=\"screen-reader-text\">Gas\u00f3leo A<\/span> Leer m\u00e1s \u00bb<\/a><\/p>\n","protected":false},"author":1,"featured_media":0,"parent":65,"menu_order":0,"comment_status":"closed","ping_status":"closed","template":"","meta":{"footnotes":""},"class_list":["post-67","page","type-page","status-publish","hentry"],"_links":{"self":[{"href":"https:\/\/www.asturfuel.com\/web\/wp-json\/wp\/v2\/pages\/67","targetHints":{"allow":["GET"]}}],"collection":[{"href":"https:\/\/www.asturfuel.com\/web\/wp-json\/wp\/v2\/pages"}],"about":[{"href":"https:\/\/www.asturfuel.com\/web\/wp-json\/wp\/v2\/types\/page"}],"author":[{"embeddable":true,"href":"https:\/\/www.asturfuel.com\/web\/wp-json\/wp\/v2\/users\/1"}],"replies":[{"embeddable":true,"href":"https:\/\/www.asturfuel.com\/web\/wp-json\/wp\/v2\/comments?post=67"}],"version-history":[{"count":12,"href":"https:\/\/www.asturfuel.com\/web\/wp-json\/wp\/v2\/pages\/67\/revisions"}],"predecessor-version":[{"id":254,"href":"https:\/\/www.asturfuel.com\/web\/wp-json\/wp\/v2\/pages\/67\/revisions\/254"}],"up":[{"embeddable":true,"href":"https:\/\/www.asturfuel.com\/web\/wp-json\/wp\/v2\/pages\/65"}],"wp:attachment":[{"href":"https:\/\/www.asturfuel.com\/web\/wp-json\/wp\/v2\/media?parent=67"}],"curies":[{"name":"wp","href":"https:\/\/api.w.org\/{rel}","templated":true}]}}